{"id":87,"date":"2020-09-09T17:39:23","date_gmt":"2020-09-09T17:39:23","guid":{"rendered":"https:\/\/airbet.net\/wp\/?page_id=87"},"modified":"2021-07-22T10:42:21","modified_gmt":"2021-07-22T10:42:21","slug":"practiques-de-vol","status":"publish","type":"page","link":"https:\/\/airbet.net\/wp\/practiques-de-vol\/","title":{"rendered":"Pr\u00e0ctiques de vol"},"content":{"rendered":"\n<p>Al curs s\u2019inclouen 10 hores de vol real, comen\u00e7ant a pilotar des del primer dia.<\/p>\n\n\n\n<p>En les pr\u00e0ctiques de vol realitzar\u00e0s circuits d\u2019aproximaci\u00f3, enlairaments, aterratges, espirals, descens vertical, vol lent, vuits, vols de travessia, navegaci\u00f3 a l\u2019estima, GPS i molt m\u00e9s.<\/p>\n\n\n\n<p>L\u2019horari de les classes pr\u00e0ctiques \u00e9s ampli i es pot ajustar a les teves necessitats, adaptant-les al teu ritme. &nbsp;<\/p>\n\n\n\n<div style=\"height:55px\" aria-hidden=\"true\" class=\"wp-block-spacer\"><\/div>\n\n\n\n<div class=\"wp-block-buttons is-layout-flex wp-block-buttons-is-layout-flex\">\n<div class=\"wp-block-button\"><a class=\"wp-block-button__link has-white-color has-accent-background-color has-text-color has-background\" href=\"https:\/\/airbet.net\/wp\/quin-ulm-maf-pilotare\/\">Quina aeronau ULM (MAF) pilotar\u00e9?<\/a><\/div>\n\n\n\n<div class=\"wp-block-button\"><a class=\"wp-block-button__link has-accent-background-color has-background\" href=\"https:\/\/airbet.net\/wp\/quin-autogir-ag-pilotare\/\">Quin Autogir (AG) pilotar\u00e9?<\/a><\/div>\n<\/div>\n\n\n\n<p><\/p>\n\n\n\n<div style=\"height:150px\" aria-hidden=\"true\" class=\"wp-block-spacer\"><\/div>\n","protected":false},"excerpt":{"rendered":"<p>Al curs s\u2019inclouen 10 hores de vol real, comen\u00e7ant a pilotar des del primer dia. En les pr\u00e0ctiques de vol realitzar\u00e0s circuits d\u2019aproximaci\u00f3, enlairaments, aterratges, espirals, descens vertical, vol lent, vuits, vols de travessia, navegaci\u00f3 a l\u2019estima, GPS i molt m\u00e9s. L\u2019horari de les classes pr\u00e0ctiques \u00e9s ampli i es [&hellip;]<\/p>\n","protected":false},"author":1,"featured_media":0,"parent":0,"menu_order":0,"comment_status":"closed","ping_status":"closed","template":"","meta":{"footnotes":""},"_links":{"self":[{"href":"https:\/\/airbet.net\/wp\/wp-json\/wp\/v2\/pages\/87"}],"collection":[{"href":"https:\/\/airbet.net\/wp\/wp-json\/wp\/v2\/pages"}],"about":[{"href":"https:\/\/airbet.net\/wp\/wp-json\/wp\/v2\/types\/page"}],"author":[{"embeddable":true,"href":"https:\/\/airbet.net\/wp\/wp-json\/wp\/v2\/users\/1"}],"replies":[{"embeddable":true,"href":"https:\/\/airbet.net\/wp\/wp-json\/wp\/v2\/comments?post=87"}],"version-history":[{"count":10,"href":"https:\/\/airbet.net\/wp\/wp-json\/wp\/v2\/pages\/87\/revisions"}],"predecessor-version":[{"id":1151,"href":"https:\/\/airbet.net\/wp\/wp-json\/wp\/v2\/pages\/87\/revisions\/1151"}],"wp:attachment":[{"href":"https:\/\/airbet.net\/wp\/wp-json\/wp\/v2\/media?parent=87"}],"curies":[{"name":"wp","href":"https:\/\/api.w.org\/{rel}","templated":true}]}}